{"id":420,"date":"2022-02-25T12:19:39","date_gmt":"2022-02-25T11:19:39","guid":{"rendered":"https:\/\/mic.sciencespo-lille.eu\/?page_id=420"},"modified":"2025-12-02T12:40:27","modified_gmt":"2025-12-02T11:40:27","slug":"projet-detude","status":"publish","type":"page","link":"https:\/\/mic.sciencespo-lille.eu\/index.php\/projet-detude\/","title":{"rendered":"Projet d&rsquo;\u00e9tude"},"content":{"rendered":"\n<p>Dans le cadre du s\u00e9minaire \u00ab Sociologie de l\u2019art et des pratiques culturelles&nbsp;\u00bb, les \u00e9tudiantes et \u00e9tudiants de la majeure r\u00e9alisent chaque ann\u00e9e une <strong>\u00e9tude sociologique<\/strong> pour une institution culturelle des Hauts-De-France. &nbsp;<\/p>\n\n\n\n<p>Pour les \u00e9tudiantes et \u00e9tudiants de la <strong>promotion Denis Mukwege<\/strong> (2023), ce projet d\u2019\u00e9tude a pris la forme d\u2019un partenariat avec le Palais des Beaux-Arts de Lille, pour lequel une \u00e9tude qualitative et quantitative des publics de l\u2019exposition \u00ab&nbsp;Exp\u00e9rience Goya&nbsp;\u00bb a \u00e9t\u00e9 men\u00e9e par les \u00e9l\u00e8ves. <br><br>Ax\u00e9e sur la th\u00e9matique de la perception de l\u2019\u00e9co-conception par les visiteurs et les visiteuses, cette enqu\u00eate a \u00e9t\u00e9 l\u2019occasion pour eux de cr\u00e9er un questionnaire et de faire de la r\u00e9colte de donn\u00e9es sur le terrain \u2013 plus de 400 personnes ont \u00e9t\u00e9 interrog\u00e9es au cours des trois mois d\u2019enqu\u00eate. Ce travail a abouti \u00e0 la constitution d\u2019un dossier d\u2019enqu\u00eate, restitu\u00e9 ensuite devant l\u2019\u00e9quipe du Palais des Beaux-Arts de Lille.<\/p>\n\n\n\n<p>Pour les \u00e9tudiants et \u00e9tudiantes de la <strong>promotion Gis\u00e8le Halimi<\/strong> (2024), le projet d\u2019\u00e9tude a pris la forme d\u2019un partenariat avec l\u2019Op\u00e9ra de Lille. Les \u00e9tudiants et \u00e9tudiantes ont men\u00e9 une \u00e9tude qualitative et quantitative des publics de deux Op\u00e9ras (\u00ab\u00a0S\u00e9m\u00e9l\u00e9\u00a0\u00bb et \u00ab\u00a0Freitag\u202faus Licht\u00a0\u00bb) du spectacle de danse \u00ab\u00a010\u202f000 gestes\u00a0\u00bb\u202fde Boris Charmatz et des concerts du mercredi afin de produire une analyse sociologique des publics de l\u2019Op\u00e9ra de Lille et de la pr\u00e9senter devant les \u00e9quipes de l\u2019Op\u00e9ra.<\/p>\n\n\n\n<p>Les \u00e9tudiants et les \u00e9tudiantes de l&rsquo;ann\u00e9e universitaire 2025 -2025 ont men\u00e9 une enqu\u00eate quantitative et qualitative des publics du Fresnoy. Divis\u00e9s en trois groupes et sur la base d&rsquo;entretiens, d&rsquo;observations et de questionnaires, les \u00e9tudiants et \u00e9tudiantes ont analys\u00e9 les caract\u00e9ristiques sociologiques et les attentes du public de l&rsquo;exposition Panorama, de la programmation Cin\u00e9ma et de la programmation Jeune public. L&rsquo;enqu\u00eate s&rsquo;est cl\u00f4tur\u00e9e par une session de pr\u00e9sentation des r\u00e9sultats devant l&rsquo;\u00e9quipe du Fresnoy, au sein de leurs locaux et a donn\u00e9 lieu \u00e0 un certain nombre de suggestions.\u00a0<br>\u00a0<\/p>\n","protected":false},"excerpt":{"rendered":"<p>Dans le cadre du s\u00e9minaire \u00ab Sociologie de l\u2019art et des pratiques culturelles&nbsp;\u00bb, les \u00e9tudiantes et \u00e9tudiants de la majeure r\u00e9alisent chaque ann\u00e9e une \u00e9tude sociologique pour une institution culturelle des Hauts-De-France. &nbsp; Pour les \u00e9tudiantes et \u00e9tudiants de la promotion Denis Mukwege (2023), ce projet d\u2019\u00e9tude a pris la forme d\u2019un partenariat avec le [&hellip;]<\/p>\n","protected":false},"author":1,"featured_media":0,"parent":0,"menu_order":0,"comment_status":"closed","ping_status":"closed","template":"","meta":{"_seopress_robots_primary_cat":"","_seopress_titles_title":"","_seopress_titles_desc":"","_seopress_robots_index":"","ocean_post_layout":"","ocean_both_sidebars_style":"","ocean_both_sidebars_content_width":0,"ocean_both_sidebars_sidebars_width":0,"ocean_sidebar":"0","ocean_second_sidebar":"0","ocean_disable_margins":"enable","ocean_add_body_class":"","ocean_shortcode_before_top_bar":"","ocean_shortcode_after_top_bar":"","ocean_shortcode_before_header":"","ocean_shortcode_after_header":"","ocean_has_shortcode":"","ocean_shortcode_after_title":"","ocean_shortcode_before_footer_widgets":"","ocean_shortcode_after_footer_widgets":"","ocean_shortcode_before_footer_bottom":"","ocean_shortcode_after_footer_bottom":"","ocean_display_top_bar":"default","ocean_display_header":"default","ocean_header_style":"","ocean_center_header_left_menu":"0","ocean_custom_header_template":"0","ocean_custom_logo":0,"ocean_custom_retina_logo":0,"ocean_custom_logo_max_width":0,"ocean_custom_logo_tablet_max_width":0,"ocean_custom_logo_mobile_max_width":0,"ocean_custom_logo_max_height":0,"ocean_custom_logo_tablet_max_height":0,"ocean_custom_logo_mobile_max_height":0,"ocean_header_custom_menu":"0","ocean_menu_typo_font_family":"0","ocean_menu_typo_font_subset":"","ocean_menu_typo_font_size":0,"ocean_menu_typo_font_size_tablet":0,"ocean_menu_typo_font_size_mobile":0,"ocean_menu_typo_font_size_unit":"px","ocean_menu_typo_font_weight":"","ocean_menu_typo_font_weight_tablet":"","ocean_menu_typo_font_weight_mobile":"","ocean_menu_typo_transform":"","ocean_menu_typo_transform_tablet":"","ocean_menu_typo_transform_mobile":"","ocean_menu_typo_line_height":0,"ocean_menu_typo_line_height_tablet":0,"ocean_menu_typo_line_height_mobile":0,"ocean_menu_typo_line_height_unit":"","ocean_menu_typo_spacing":0,"ocean_menu_typo_spacing_tablet":0,"ocean_menu_typo_spacing_mobile":0,"ocean_menu_typo_spacing_unit":"","ocean_menu_link_color":"","ocean_menu_link_color_hover":"","ocean_menu_link_color_active":"","ocean_menu_link_background":"","ocean_menu_link_hover_background":"","ocean_menu_link_active_background":"","ocean_menu_social_links_bg":"","ocean_menu_social_hover_links_bg":"","ocean_menu_social_links_color":"","ocean_menu_social_hover_links_color":"","ocean_disable_title":"default","ocean_disable_heading":"default","ocean_post_title":"","ocean_post_subheading":"","ocean_post_title_style":"","ocean_post_title_background_color":"","ocean_post_title_background":0,"ocean_post_title_bg_image_position":"","ocean_post_title_bg_image_attachment":"","ocean_post_title_bg_image_repeat":"","ocean_post_title_bg_image_size":"","ocean_post_title_height":0,"ocean_post_title_bg_overlay":0.5,"ocean_post_title_bg_overlay_color":"","ocean_disable_breadcrumbs":"default","ocean_breadcrumbs_color":"","ocean_breadcrumbs_separator_color":"","ocean_breadcrumbs_links_color":"","ocean_breadcrumbs_links_hover_color":"","ocean_display_footer_widgets":"default","ocean_display_footer_bottom":"default","ocean_custom_footer_template":"0","footnotes":""},"class_list":["post-420","page","type-page","status-publish","hentry","entry"],"_links":{"self":[{"href":"https:\/\/mic.sciencespo-lille.eu\/index.php\/wp-json\/wp\/v2\/pages\/420","targetHints":{"allow":["GET"]}}],"collection":[{"href":"https:\/\/mic.sciencespo-lille.eu\/index.php\/wp-json\/wp\/v2\/pages"}],"about":[{"href":"https:\/\/mic.sciencespo-lille.eu\/index.php\/wp-json\/wp\/v2\/types\/page"}],"author":[{"embeddable":true,"href":"https:\/\/mic.sciencespo-lille.eu\/index.php\/wp-json\/wp\/v2\/users\/1"}],"replies":[{"embeddable":true,"href":"https:\/\/mic.sciencespo-lille.eu\/index.php\/wp-json\/wp\/v2\/comments?post=420"}],"version-history":[{"count":7,"href":"https:\/\/mic.sciencespo-lille.eu\/index.php\/wp-json\/wp\/v2\/pages\/420\/revisions"}],"predecessor-version":[{"id":721,"href":"https:\/\/mic.sciencespo-lille.eu\/index.php\/wp-json\/wp\/v2\/pages\/420\/revisions\/721"}],"wp:attachment":[{"href":"https:\/\/mic.sciencespo-lille.eu\/index.php\/wp-json\/wp\/v2\/media?parent=420"}],"curies":[{"name":"wp","href":"https:\/\/api.w.org\/{rel}","templated":true}]}}