{"id":39,"date":"2020-11-16T14:39:00","date_gmt":"2020-11-16T13:39:00","guid":{"rendered":"http:\/\/mic.sciencespo-lille.eu\/?page_id=39"},"modified":"2025-06-05T15:28:20","modified_gmt":"2025-06-05T13:28:20","slug":"lalternance-et-linsertion-professionnelle","status":"publish","type":"page","link":"https:\/\/mic.sciencespo-lille.eu\/index.php\/lalternance-et-linsertion-professionnelle\/","title":{"rendered":"L&rsquo;alternance et l&rsquo;insertion professionnelle (M2)"},"content":{"rendered":"\n<h2 class=\"wp-block-heading\">Management des Institutions Culturelles en alternance<\/h2>\n\n\n\n<p>L&rsquo;apprentissage alterne des <strong>p\u00e9riodes de cours \u00e0 Sciences Po Lille<\/strong> (formation th\u00e9orique) et des <strong>p\u00e9riodes au sein d&rsquo;une organisation<\/strong> (formation pratique), dans le cadre d&rsquo;un contrat de travail sp\u00e9cifique et selon un calendrier pr\u00e9d\u00e9fini.<\/p>\n\n\n\n<p><strong>Rythme de l&rsquo;alternance en MIC <\/strong>: <\/p>\n\n\n\n<ul class=\"wp-block-list\">\n<li><strong>2 jours<\/strong> \u00e0 Sciences Po Lille (lundi, mardi)<\/li>\n\n\n\n<li><strong>3 jours<\/strong> dans l&rsquo;organisme culturel (mercredi, jeudi, vendredi)<\/li>\n<\/ul>\n\n\n\n<p>Ce rythme, qui r\u00e9pond aux besoins des structures culturelles, permet une <strong>bonne int\u00e9gration des \u00e9l\u00e8ves au sein des \u00e9quipes et des projets et les place en situation professionnelle r\u00e9elle<\/strong>.<\/p>\n\n\n\n<p>Les p\u00e9riodes de formation \u00e0 Sciences Po Lille permettent aux \u00e9tudiantes et aux \u00e9tudiants de compl\u00e9ter leur exp\u00e9rience pratique en la confrontant \u00e0 des apports th\u00e9oriques et \u00e0 des \u00e9tudes de cas qui leur sont pr\u00e9sent\u00e9es en cours par des intervenantes et intervenants professionnels et des enseignantes et enseignants-chercheurs. Dans le cadre des s\u00e9minaires \u00ab pr\u00e9paration \u00e0 l\u2019apprentissage \u00bb, l\u2019insertion professionnelles des \u00e9tudiantes et des \u00e9tudiants est favoris\u00e9e par la <strong>visite d\u2019institutions culturelles<\/strong> et la <strong>rencontre des \u00e9quipes associ\u00e9es<\/strong>. Le programme fut riche pour la promotion Gis\u00e8le Halimi (2024) : le mus\u00e9e du LaM, la Villa Cavrois, le Ch\u00e2teau de Versailles, le Ph\u00e9nix de Valenciennes, l\u2019Op\u00e9ra de Lille, le gymnase CDCN, la DRAC, la direction culture de la Ville de Lille, l\u2019Amicale de Production, Le Festival Les Nuits Secr\u00e8tes, le Fresnoy, le Festival S\u00e9ries Mania &#8230;. Chacune de ces rencontres est associ\u00e9e \u00e0 une <strong>sortie culturelle<\/strong>, comme une exposition, un spectacle ou un film.<\/p>\n\n\n\n<p>La formation en alternance au sein de la majeure MIC est destin\u00e9e \u00e0 former des \u00e9tudiantes et des \u00e9tudiants de Sciences Po Lille \u00e0 devenir de futurs cadres dirigeants du secteur culturel, principalement dans les domaines du Patrimoine, du Spectacle Vivant, des Arts visuels, de l\u2019\u00e9v\u00e8nementiel culturel et des Politiques Culturelles (Etat et collectivit\u00e9s territoriales).<\/p>\n\n\n\n<p>Les \u00e9l\u00e8ves qui suivent cette formation en alternance sont pr\u00e9par\u00e9s \u00e0 occuper des fonctions vari\u00e9es et polyvalentes dans ces diff\u00e9rents secteurs de la culture :<\/p>\n\n\n\n<ul class=\"wp-block-list\">\n<li>Notamment aux m\u00e9tiers de responsables ou charg\u00e9es, charg\u00e9s d&rsquo;administration, de production, de diffusion, de communication, de recherche de financements, de d\u00e9veloppement des publics, d\u2019action culturelle, au sein d&rsquo;\u00e9tablissements publics, de collectivit\u00e9s territoriales, d&rsquo;institutions nationales, d&rsquo;entreprises priv\u00e9es ou d&rsquo;associations.<\/li>\n<\/ul>\n\n\n<div class=\"wp-block-image\">\n<figure class=\"alignright size-full\"><img decoding=\"async\" src=\"https:\/\/mic.sciencespo-lille.eu\/wp-content\/uploads\/2023\/12\/24IN_LOGO\u00b01_BAT.png\" alt=\"\" class=\"wp-image-605\"\/><\/figure><\/div>\n\n\n<div style=\"height:20px\" aria-hidden=\"true\" class=\"wp-block-spacer\"><\/div>\n\n\n\n<p><strong>Calendrier d&rsquo;alternance 2025-2026<\/strong> pour la majeure MIC :<\/p>\n\n\n<a href=\"https:\/\/mic.sciencespo-lille.eu\/wp-content\/uploads\/2025\/06\/Calendrier-MIC-2025-26.pdf\" class=\"pdfemb-viewer\" style=\"\" data-width=\"max\" data-height=\"max\" data-toolbar=\"bottom\" data-toolbar-fixed=\"off\">Calendrier-MIC-2025-26<\/a>\n\n\n<div style=\"height:40px\" aria-hidden=\"true\" class=\"wp-block-spacer\"><\/div>\n\n\n\n<p>Les \u00e9tudiants et \u00e9tudiantes de Sciences Po Lille peuvent consulter <strong>l&rsquo;historique des stages<\/strong> <strong>et apprentissages<\/strong> via la plateforme des Alumni :<\/p>\n\n\n\n<div class=\"wp-block-buttons is-content-justification-center is-layout-flex wp-container-core-buttons-is-layout-16018d1d wp-block-buttons-is-layout-flex\">\n<div class=\"wp-block-button is-style-fill\"><a class=\"wp-block-button__link has-white-color has-text-color has-background wp-element-button\" href=\"https:\/\/alumni.sciencespo-lille.eu\/page\/historique-des-stages\" style=\"background-color:#b5838d\" target=\"_blank\" rel=\"noreferrer noopener\">Historique des stages et apprentissages<\/a><\/div>\n<\/div>\n\n\n\n<div style=\"height:30px\" aria-hidden=\"true\" class=\"wp-block-spacer\"><\/div>\n\n\n\n<p>Retrouvez \u00e9galement la <strong>liste des offres de stage, d&rsquo;apprentissage et d&#8217;emploi<\/strong> :<\/p>\n\n\n\n<div class=\"wp-block-buttons is-content-justification-center is-layout-flex wp-container-core-buttons-is-layout-16018d1d wp-block-buttons-is-layout-flex\">\n<div class=\"wp-block-button\"><a class=\"wp-block-button__link has-white-color has-text-color has-background wp-element-button\" href=\"https:\/\/alumni.sciencespo-lille.eu\/jobboard?page=1\" style=\"background-color:#b5838d\" target=\"_blank\" rel=\"noreferrer noopener\">Offres de stage, d&rsquo;apprentissage et d&#8217;emploi<\/a><\/div>\n<\/div>\n\n\n\n<div style=\"height:30px\" aria-hidden=\"true\" class=\"wp-block-spacer\"><\/div>\n\n\n\n<p>Pour plus d&rsquo;informations sur les apprentissages \u00e0 Sciences Po Lille et l&rsquo;insertion professionnelle, consultez le <strong>Guide de l&rsquo;apprentissage<\/strong> de la plateforme des Alumni :<\/p>\n\n\n\n<div class=\"wp-block-buttons is-content-justification-center is-layout-flex wp-container-core-buttons-is-layout-16018d1d wp-block-buttons-is-layout-flex\">\n<div class=\"wp-block-button\"><a class=\"wp-block-button__link has-white-color has-text-color has-background wp-element-button\" href=\"https:\/\/alumni.sciencespo-lille.eu\/fr\/page\/guide-de-l-apprentissage\" style=\"background-color:#b5838d\" target=\"_blank\" rel=\"noreferrer noopener\">Guide de l&rsquo;apprentissage<\/a><\/div>\n<\/div>\n","protected":false},"excerpt":{"rendered":"<p>Management des Institutions Culturelles en alternance L&rsquo;apprentissage alterne des p\u00e9riodes de cours \u00e0 Sciences Po Lille (formation th\u00e9orique) et des p\u00e9riodes au sein d&rsquo;une organisation (formation pratique), dans le cadre d&rsquo;un contrat de travail sp\u00e9cifique et selon un calendrier pr\u00e9d\u00e9fini. Rythme de l&rsquo;alternance en MIC : Ce rythme, qui r\u00e9pond aux besoins des structures culturelles, [&hellip;]<\/p>\n","protected":false},"author":1,"featured_media":0,"parent":0,"menu_order":0,"comment_status":"closed","ping_status":"closed","template":"","meta":{"_seopress_robots_primary_cat":"","_seopress_titles_title":"","_seopress_titles_desc":"","_seopress_robots_index":"","ocean_post_layout":"","ocean_both_sidebars_style":"","ocean_both_sidebars_content_width":0,"ocean_both_sidebars_sidebars_width":0,"ocean_sidebar":"0","ocean_second_sidebar":"0","ocean_disable_margins":"enable","ocean_add_body_class":"","ocean_shortcode_before_top_bar":"","ocean_shortcode_after_top_bar":"","ocean_shortcode_before_header":"","ocean_shortcode_after_header":"","ocean_has_shortcode":"","ocean_shortcode_after_title":"","ocean_shortcode_before_footer_widgets":"","ocean_shortcode_after_footer_widgets":"","ocean_shortcode_before_footer_bottom":"","ocean_shortcode_after_footer_bottom":"","ocean_display_top_bar":"default","ocean_display_header":"default","ocean_header_style":"","ocean_center_header_left_menu":"0","ocean_custom_header_template":"0","ocean_custom_logo":0,"ocean_custom_retina_logo":0,"ocean_custom_logo_max_width":0,"ocean_custom_logo_tablet_max_width":0,"ocean_custom_logo_mobile_max_width":0,"ocean_custom_logo_max_height":0,"ocean_custom_logo_tablet_max_height":0,"ocean_custom_logo_mobile_max_height":0,"ocean_header_custom_menu":"0","ocean_menu_typo_font_family":"0","ocean_menu_typo_font_subset":"","ocean_menu_typo_font_size":0,"ocean_menu_typo_font_size_tablet":0,"ocean_menu_typo_font_size_mobile":0,"ocean_menu_typo_font_size_unit":"px","ocean_menu_typo_font_weight":"","ocean_menu_typo_font_weight_tablet":"","ocean_menu_typo_font_weight_mobile":"","ocean_menu_typo_transform":"","ocean_menu_typo_transform_tablet":"","ocean_menu_typo_transform_mobile":"","ocean_menu_typo_line_height":0,"ocean_menu_typo_line_height_tablet":0,"ocean_menu_typo_line_height_mobile":0,"ocean_menu_typo_line_height_unit":"","ocean_menu_typo_spacing":0,"ocean_menu_typo_spacing_tablet":0,"ocean_menu_typo_spacing_mobile":0,"ocean_menu_typo_spacing_unit":"","ocean_menu_link_color":"","ocean_menu_link_color_hover":"","ocean_menu_link_color_active":"","ocean_menu_link_background":"","ocean_menu_link_hover_background":"","ocean_menu_link_active_background":"","ocean_menu_social_links_bg":"","ocean_menu_social_hover_links_bg":"","ocean_menu_social_links_color":"","ocean_menu_social_hover_links_color":"","ocean_disable_title":"default","ocean_disable_heading":"default","ocean_post_title":"","ocean_post_subheading":"","ocean_post_title_style":"","ocean_post_title_background_color":"","ocean_post_title_background":0,"ocean_post_title_bg_image_position":"","ocean_post_title_bg_image_attachment":"","ocean_post_title_bg_image_repeat":"","ocean_post_title_bg_image_size":"","ocean_post_title_height":0,"ocean_post_title_bg_overlay":0.5,"ocean_post_title_bg_overlay_color":"","ocean_disable_breadcrumbs":"default","ocean_breadcrumbs_color":"","ocean_breadcrumbs_separator_color":"","ocean_breadcrumbs_links_color":"","ocean_breadcrumbs_links_hover_color":"","ocean_display_footer_widgets":"default","ocean_display_footer_bottom":"default","ocean_custom_footer_template":"0","footnotes":""},"class_list":["post-39","page","type-page","status-publish","hentry","entry"],"_links":{"self":[{"href":"https:\/\/mic.sciencespo-lille.eu\/index.php\/wp-json\/wp\/v2\/pages\/39","targetHints":{"allow":["GET"]}}],"collection":[{"href":"https:\/\/mic.sciencespo-lille.eu\/index.php\/wp-json\/wp\/v2\/pages"}],"about":[{"href":"https:\/\/mic.sciencespo-lille.eu\/index.php\/wp-json\/wp\/v2\/types\/page"}],"author":[{"embeddable":true,"href":"https:\/\/mic.sciencespo-lille.eu\/index.php\/wp-json\/wp\/v2\/users\/1"}],"replies":[{"embeddable":true,"href":"https:\/\/mic.sciencespo-lille.eu\/index.php\/wp-json\/wp\/v2\/comments?post=39"}],"version-history":[{"count":27,"href":"https:\/\/mic.sciencespo-lille.eu\/index.php\/wp-json\/wp\/v2\/pages\/39\/revisions"}],"predecessor-version":[{"id":715,"href":"https:\/\/mic.sciencespo-lille.eu\/index.php\/wp-json\/wp\/v2\/pages\/39\/revisions\/715"}],"wp:attachment":[{"href":"https:\/\/mic.sciencespo-lille.eu\/index.php\/wp-json\/wp\/v2\/media?parent=39"}],"curies":[{"name":"wp","href":"https:\/\/api.w.org\/{rel}","templated":true}]}}