{"id":23,"date":"2020-11-16T14:36:54","date_gmt":"2020-11-16T13:36:54","guid":{"rendered":"http:\/\/mic.sciencespo-lille.eu\/?page_id=23"},"modified":"2022-03-15T16:06:08","modified_gmt":"2022-03-15T15:06:08","slug":"etudiants-et-etudiantes-internes-a-sciences-po-lille","status":"publish","type":"page","link":"https:\/\/mic.sciencespo-lille.eu\/index.php\/etudiants-et-etudiantes-internes-a-sciences-po-lille\/","title":{"rendered":"\u00c9tudiants et \u00e9tudiantes internes \u00e0 Sciences Po Lille"},"content":{"rendered":"\n<p>Les \u00e9tudiants et les \u00e9tudiantes de 3<sup>\u00e8me<\/sup>&nbsp;ann\u00e9e Fili\u00e8re g\u00e9n\u00e9rale (FG), Fili\u00e8re franco-britannique (FIFB) et de 2<sup>\u00e8me<\/sup>&nbsp;ann\u00e9e Fili\u00e8re franco-allemande (FIFA) souhaitant int\u00e9grer la majeure Management des institutions culturelles doivent&nbsp;<strong>remplir le dossier de candidature en ligne<\/strong>&nbsp;<a rel=\"noreferrer noopener\" href=\"http:\/\/www.sciencespo-lille.eu\/etudier\/ma-scolarite-par-annee\/troisieme-annee\" target=\"_blank\"><strong>sur le site de Sciences Po Lille<\/strong><\/a>.<\/p>\n\n\n\n<p><strong>Ce dossier comporte notamment les rubriques suivantes&nbsp;<\/strong>:<\/p>\n\n\n\n<ul class=\"wp-block-list\"><li>Choix du cursus prioritaire.<\/li><li>Classement de 5 majeures par ordre de pr\u00e9f\u00e9rence.<\/li><li>Description de vos activit\u00e9s para et extra-universitaires.<\/li><li>Motivations pour int\u00e9grer les majeures class\u00e9es en position 1 et 2 (liens avec la 2\u00e8me ann\u00e9e, avec l\u2019ann\u00e9e de mobilit\u00e9 internationale, projet professionnel, etc.)<\/li><\/ul>\n\n\n\n<p>Il est vivement conseill\u00e9 de compl\u00e9ter ce dossier avec rigueur, y compris pour les informations concernant le second choix.<\/p>\n\n\n\n<p>Attention, l\u2019enregistrement des informations saisies ne se fera qu\u2019apr\u00e8s validation \u00e0 la fin du dossier (page 2). La validation du dossier est d\u00e9finitive, vous ne pourrez plus le modifier ou refaire un dossier.<\/p>\n\n\n\n<p>Les d\u00e9cisions d\u2019affectation seront transmises \u00e0 chaque \u00e9tudiant et \u00e9tudiante par mail. Vous trouverez les informations relatives aux dates d&rsquo;admission sur le <a href=\"http:\/\/www.sciencespolille.eu\/etudier\/ma-scolarite-par-annee\/troisieme-annee\" data-type=\"URL\" data-id=\"http:\/\/www.sciencespolille.eu\/etudier\/ma-scolarite-par-annee\/troisieme-annee\" target=\"_blank\" rel=\"noreferrer noopener\">site de Sciences Po Lille<\/a>.<\/p>\n","protected":false},"excerpt":{"rendered":"<p>Les \u00e9tudiants et les \u00e9tudiantes de 3\u00e8me&nbsp;ann\u00e9e Fili\u00e8re g\u00e9n\u00e9rale (FG), Fili\u00e8re franco-britannique (FIFB) et de 2\u00e8me&nbsp;ann\u00e9e Fili\u00e8re franco-allemande (FIFA) souhaitant int\u00e9grer la majeure Management des institutions culturelles doivent&nbsp;remplir le dossier de candidature en ligne&nbsp;sur le site de Sciences Po Lille. Ce dossier comporte notamment les rubriques suivantes&nbsp;: Choix du cursus prioritaire. Classement de 5 majeures [&hellip;]<\/p>\n","protected":false},"author":1,"featured_media":0,"parent":0,"menu_order":0,"comment_status":"closed","ping_status":"closed","template":"","meta":{"_seopress_robots_primary_cat":"","_seopress_titles_title":"","_seopress_titles_desc":"","_seopress_robots_index":"","ocean_post_layout":"","ocean_both_sidebars_style":"","ocean_both_sidebars_content_width":0,"ocean_both_sidebars_sidebars_width":0,"ocean_sidebar":"0","ocean_second_sidebar":"0","ocean_disable_margins":"enable","ocean_add_body_class":"","ocean_shortcode_before_top_bar":"","ocean_shortcode_after_top_bar":"","ocean_shortcode_before_header":"","ocean_shortcode_after_header":"","ocean_has_shortcode":"","ocean_shortcode_after_title":"","ocean_shortcode_before_footer_widgets":"","ocean_shortcode_after_footer_widgets":"","ocean_shortcode_before_footer_bottom":"","ocean_shortcode_after_footer_bottom":"","ocean_display_top_bar":"default","ocean_display_header":"default","ocean_header_style":"","ocean_center_header_left_menu":"0","ocean_custom_header_template":"0","ocean_custom_logo":0,"ocean_custom_retina_logo":0,"ocean_custom_logo_max_width":0,"ocean_custom_logo_tablet_max_width":0,"ocean_custom_logo_mobile_max_width":0,"ocean_custom_logo_max_height":0,"ocean_custom_logo_tablet_max_height":0,"ocean_custom_logo_mobile_max_height":0,"ocean_header_custom_menu":"0","ocean_menu_typo_font_family":"0","ocean_menu_typo_font_subset":"","ocean_menu_typo_font_size":0,"ocean_menu_typo_font_size_tablet":0,"ocean_menu_typo_font_size_mobile":0,"ocean_menu_typo_font_size_unit":"px","ocean_menu_typo_font_weight":"","ocean_menu_typo_font_weight_tablet":"","ocean_menu_typo_font_weight_mobile":"","ocean_menu_typo_transform":"","ocean_menu_typo_transform_tablet":"","ocean_menu_typo_transform_mobile":"","ocean_menu_typo_line_height":0,"ocean_menu_typo_line_height_tablet":0,"ocean_menu_typo_line_height_mobile":0,"ocean_menu_typo_line_height_unit":"","ocean_menu_typo_spacing":0,"ocean_menu_typo_spacing_tablet":0,"ocean_menu_typo_spacing_mobile":0,"ocean_menu_typo_spacing_unit":"","ocean_menu_link_color":"","ocean_menu_link_color_hover":"","ocean_menu_link_color_active":"","ocean_menu_link_background":"","ocean_menu_link_hover_background":"","ocean_menu_link_active_background":"","ocean_menu_social_links_bg":"","ocean_menu_social_hover_links_bg":"","ocean_menu_social_links_color":"","ocean_menu_social_hover_links_color":"","ocean_disable_title":"default","ocean_disable_heading":"default","ocean_post_title":"","ocean_post_subheading":"","ocean_post_title_style":"","ocean_post_title_background_color":"","ocean_post_title_background":0,"ocean_post_title_bg_image_position":"","ocean_post_title_bg_image_attachment":"","ocean_post_title_bg_image_repeat":"","ocean_post_title_bg_image_size":"","ocean_post_title_height":0,"ocean_post_title_bg_overlay":0.5,"ocean_post_title_bg_overlay_color":"","ocean_disable_breadcrumbs":"default","ocean_breadcrumbs_color":"","ocean_breadcrumbs_separator_color":"","ocean_breadcrumbs_links_color":"","ocean_breadcrumbs_links_hover_color":"","ocean_display_footer_widgets":"default","ocean_display_footer_bottom":"default","ocean_custom_footer_template":"0","footnotes":""},"class_list":["post-23","page","type-page","status-publish","hentry","entry"],"_links":{"self":[{"href":"https:\/\/mic.sciencespo-lille.eu\/index.php\/wp-json\/wp\/v2\/pages\/23","targetHints":{"allow":["GET"]}}],"collection":[{"href":"https:\/\/mic.sciencespo-lille.eu\/index.php\/wp-json\/wp\/v2\/pages"}],"about":[{"href":"https:\/\/mic.sciencespo-lille.eu\/index.php\/wp-json\/wp\/v2\/types\/page"}],"author":[{"embeddable":true,"href":"https:\/\/mic.sciencespo-lille.eu\/index.php\/wp-json\/wp\/v2\/users\/1"}],"replies":[{"embeddable":true,"href":"https:\/\/mic.sciencespo-lille.eu\/index.php\/wp-json\/wp\/v2\/comments?post=23"}],"version-history":[{"count":5,"href":"https:\/\/mic.sciencespo-lille.eu\/index.php\/wp-json\/wp\/v2\/pages\/23\/revisions"}],"predecessor-version":[{"id":479,"href":"https:\/\/mic.sciencespo-lille.eu\/index.php\/wp-json\/wp\/v2\/pages\/23\/revisions\/479"}],"wp:attachment":[{"href":"https:\/\/mic.sciencespo-lille.eu\/index.php\/wp-json\/wp\/v2\/media?parent=23"}],"curies":[{"name":"wp","href":"https:\/\/api.w.org\/{rel}","templated":true}]}}