{"id":192,"date":"2020-12-08T13:22:39","date_gmt":"2020-12-08T12:22:39","guid":{"rendered":"http:\/\/mic.sciencespo-lille.eu\/?page_id=192"},"modified":"2025-12-04T10:30:18","modified_gmt":"2025-12-04T09:30:18","slug":"conferences-organisees-par-la-majeure-mic","status":"publish","type":"page","link":"https:\/\/mic.sciencespo-lille.eu\/index.php\/conferences-organisees-par-la-majeure-mic\/","title":{"rendered":"Conf\u00e9rences organis\u00e9es par la majeure MIC"},"content":{"rendered":"\n<h2 class=\"wp-block-heading\">Conf\u00e9rences M\u00e9tiers &amp; Ap\u00e9ros pro \u2013 Webinaires<\/h2>\n\n\n\n<p>Chaque semestre, les ambassadeurs et ambassadrices de la majeure MIC organisent des&nbsp;<strong>projets<\/strong>, des&nbsp;<strong>conf\u00e9rences&nbsp;<\/strong>et des&nbsp;<strong>ap\u00e9ros professionnels<\/strong>&nbsp;visant \u00e0 pr\u00e9senter les parcours et m\u00e9tiers accessibles apr\u00e8s votre formation \u00e0 Sciences Po Lille.<\/p>\n\n\n\n<p>Au programme :&nbsp;<strong>t\u00e9moignages d\u2019alumnis<\/strong>, de<strong>&nbsp;professionnels&nbsp;<\/strong>et&nbsp;<strong>professionnelles<\/strong>,<strong>&nbsp;\u00e9changes&nbsp;<\/strong>et&nbsp;<strong>r\u00e9ponses \u00e0 toutes vos questions<\/strong>&nbsp;!<\/p>\n\n\n\n<p>Ces rencontres sont r\u00e9alis\u00e9es en coop\u00e9ration avec les diff\u00e9rents services de Sciences Po Lille, l\u2019\u00e9quipe enseignante et l\u2019<strong><a href=\"https:\/\/alumni.sciencespo-lille.eu\/fr\/article\/portrait-du-bureau-de-l-association-des-alumni-de-sciences-po-lille\/30\/04\/2020\/42\" target=\"_blank\" rel=\"noreferrer noopener\">Association des Alumni<\/a><\/strong>.<\/p>\n\n\n\n<p><\/p>\n\n\n\n<p><strong>Retrouvez le dernier ap\u00e9ro pro de la majeure MIC<\/strong> :<\/p>\n\n\n\n<ul class=\"wp-block-list\">\n<li><a href=\"https:\/\/alumni.sciencespo-lille.eu\/fr\/event\/apero-pro-majeure-management-des-institutions-culturelles-mic\/2025\/12\/03\/486\" target=\"_blank\" rel=\"noreferrer noopener\">Ap\u00e9ro pro &#8211; Majeure Management des Institutions Culturelles (MIC) | Alumni Sciences Po Lille<\/a> (20 octobre 2025)<\/li>\n<\/ul>\n\n\n\n<p><strong>Retrouvez la derni\u00e8re conf\u00e9rence des m\u00e9tiers :<\/strong><\/p>\n\n\n\n<ul class=\"wp-block-list\">\n<li><a href=\"https:\/\/alumni.sciencespo-lille.eu\/fr\/event\/conference-metiers-la-diversite-des-metiers-de-la-culture-ayant-un-impact-international-majeure-management-des-institutions-culturelles-mic\/2025\/12\/03\/417\" target=\"_blank\" rel=\"noreferrer noopener\">Conf\u00e9rence m\u00e9tiers : la diversit\u00e9 des m\u00e9tiers de la culture ayant un impact international \/ Majeure Management des Institutions Culturelles &#8211; MIC | Alumni Sciences Po Lille<\/a> (11 f\u00e9vrier 2025)<\/li>\n<\/ul>\n\n\n\n<hr class=\"wp-block-separator has-text-color has-css-opacity has-background is-style-wide\" style=\"background-color:#e6e6e6;color:#e6e6e6\"\/>\n\n\n\n<p><strong>Archives des conf\u00e9rences de la majeure MIC<\/strong><\/p>\n\n\n\n<ul class=\"wp-block-list\">\n<li>\u202f\u00a0\u00bb<a href=\"https:\/\/alumni.sciencespo-lille.eu\/fr\/event\/apero-pro-les-metiers-de-la-culture\/2023\/11\/06\/320\">Les m\u00e9tiers de la Culture<\/a>\u00a0\u00bb (23 octobre 2023)<\/li>\n\n\n\n<li>\u00ab\u00a0<a href=\"https:\/\/www.youtube.com\/watch?v=RY3KzODIe8A\">Comment allier carri\u00e8re dans le monde de la culture et engagement militant<\/a>\u00a0\u00bb (18 avril 2023)<\/li>\n\n\n\n<li>\u00ab\u00a0\u00c9cologie et Culture : La question \u00e9cologique dans les secteurs culturels aujourd\u2019hui\u00a0\u00bb (8 f\u00e9vrier 2022)<\/li>\n\n\n\n<li>\u00ab\u00a0<a href=\"https:\/\/alumni.sciencespo-lille.eu\/event\/-webinaire-conference-quels-enjeux-pour-le-mecenat-culturel-dans-le-contexte-de-crise-sanitaire\/2021\/03\/16\/108\" target=\"_blank\" rel=\"noreferrer noopener\">Quels enjeux pour le m\u00e9c\u00e9nat culturel dans le contexte de crise sanitaire<\/a>\u00a0\u00bb (16 mars 2021)<\/li>\n\n\n\n<li>\u00ab\u00a0<em>WEBINAIRE &#8211; <\/em><a href=\"https:\/\/alumni.sciencespo-lille.eu\/event\/-webinaire-conference-les-metiers-de-la-culture\/2020\/12\/01\/81\" target=\"_blank\" rel=\"noreferrer noopener\">Les m\u00e9tiers de la culture<\/a>\u00a0\u00bb (1<sup>er<\/sup> d\u00e9cembre 2020)<\/li>\n\n\n\n<li>\u00ab\u00a0<a href=\"https:\/\/alumni.sciencespo-lille.eu\/event\/-webinaire-conference-les-metiers-de-la-culture\/2020\/12\/01\/81\" target=\"_blank\" rel=\"noreferrer noopener\">Les m\u00e9tiers de la culture<\/a>\u00a0\u00bb (1er d\u00e9cembre 2020)<\/li>\n\n\n\n<li>\u00ab\u00a0Table ronde des ambassadrices MIC &#8211; L&rsquo;inclusion des \u0153uvres f\u00e9minines dans une programmation culturelle\u00a0\u00bb (4 mars 2020)<\/li>\n\n\n\n<li>\u00ab\u00a0Le cin\u00e9ma \u00e0 l\u2019\u00e8re du num\u00e9rique\u00a0\u00bb (19 mars 2018 )<\/li>\n<\/ul>\n\n\n\n<p><\/p>\n","protected":false},"excerpt":{"rendered":"<p>Conf\u00e9rences M\u00e9tiers &amp; Ap\u00e9ros pro \u2013 Webinaires Chaque semestre, les ambassadeurs et ambassadrices de la majeure MIC organisent des&nbsp;projets, des&nbsp;conf\u00e9rences&nbsp;et des&nbsp;ap\u00e9ros professionnels&nbsp;visant \u00e0 pr\u00e9senter les parcours et m\u00e9tiers accessibles apr\u00e8s votre formation \u00e0 Sciences Po Lille. Au programme :&nbsp;t\u00e9moignages d\u2019alumnis, de&nbsp;professionnels&nbsp;et&nbsp;professionnelles,&nbsp;\u00e9changes&nbsp;et&nbsp;r\u00e9ponses \u00e0 toutes vos questions&nbsp;! Ces rencontres sont r\u00e9alis\u00e9es en coop\u00e9ration avec les diff\u00e9rents services [&hellip;]<\/p>\n","protected":false},"author":1,"featured_media":0,"parent":0,"menu_order":0,"comment_status":"closed","ping_status":"closed","template":"","meta":{"_seopress_robots_primary_cat":"","_seopress_titles_title":"","_seopress_titles_desc":"","_seopress_robots_index":"","ocean_post_layout":"","ocean_both_sidebars_style":"","ocean_both_sidebars_content_width":0,"ocean_both_sidebars_sidebars_width":0,"ocean_sidebar":"0","ocean_second_sidebar":"0","ocean_disable_margins":"enable","ocean_add_body_class":"","ocean_shortcode_before_top_bar":"","ocean_shortcode_after_top_bar":"","ocean_shortcode_before_header":"","ocean_shortcode_after_header":"","ocean_has_shortcode":"","ocean_shortcode_after_title":"","ocean_shortcode_before_footer_widgets":"","ocean_shortcode_after_footer_widgets":"","ocean_shortcode_before_footer_bottom":"","ocean_shortcode_after_footer_bottom":"","ocean_display_top_bar":"default","ocean_display_header":"default","ocean_header_style":"","ocean_center_header_left_menu":"0","ocean_custom_header_template":"0","ocean_custom_logo":0,"ocean_custom_retina_logo":0,"ocean_custom_logo_max_width":0,"ocean_custom_logo_tablet_max_width":0,"ocean_custom_logo_mobile_max_width":0,"ocean_custom_logo_max_height":0,"ocean_custom_logo_tablet_max_height":0,"ocean_custom_logo_mobile_max_height":0,"ocean_header_custom_menu":"0","ocean_menu_typo_font_family":"0","ocean_menu_typo_font_subset":"","ocean_menu_typo_font_size":0,"ocean_menu_typo_font_size_tablet":0,"ocean_menu_typo_font_size_mobile":0,"ocean_menu_typo_font_size_unit":"px","ocean_menu_typo_font_weight":"","ocean_menu_typo_font_weight_tablet":"","ocean_menu_typo_font_weight_mobile":"","ocean_menu_typo_transform":"","ocean_menu_typo_transform_tablet":"","ocean_menu_typo_transform_mobile":"","ocean_menu_typo_line_height":0,"ocean_menu_typo_line_height_tablet":0,"ocean_menu_typo_line_height_mobile":0,"ocean_menu_typo_line_height_unit":"","ocean_menu_typo_spacing":0,"ocean_menu_typo_spacing_tablet":0,"ocean_menu_typo_spacing_mobile":0,"ocean_menu_typo_spacing_unit":"","ocean_menu_link_color":"","ocean_menu_link_color_hover":"","ocean_menu_link_color_active":"","ocean_menu_link_background":"","ocean_menu_link_hover_background":"","ocean_menu_link_active_background":"","ocean_menu_social_links_bg":"","ocean_menu_social_hover_links_bg":"","ocean_menu_social_links_color":"","ocean_menu_social_hover_links_color":"","ocean_disable_title":"default","ocean_disable_heading":"default","ocean_post_title":"","ocean_post_subheading":"","ocean_post_title_style":"","ocean_post_title_background_color":"","ocean_post_title_background":0,"ocean_post_title_bg_image_position":"","ocean_post_title_bg_image_attachment":"","ocean_post_title_bg_image_repeat":"","ocean_post_title_bg_image_size":"","ocean_post_title_height":0,"ocean_post_title_bg_overlay":0.5,"ocean_post_title_bg_overlay_color":"","ocean_disable_breadcrumbs":"default","ocean_breadcrumbs_color":"","ocean_breadcrumbs_separator_color":"","ocean_breadcrumbs_links_color":"","ocean_breadcrumbs_links_hover_color":"","ocean_display_footer_widgets":"default","ocean_display_footer_bottom":"default","ocean_custom_footer_template":"0","footnotes":""},"class_list":["post-192","page","type-page","status-publish","hentry","entry"],"_links":{"self":[{"href":"https:\/\/mic.sciencespo-lille.eu\/index.php\/wp-json\/wp\/v2\/pages\/192","targetHints":{"allow":["GET"]}}],"collection":[{"href":"https:\/\/mic.sciencespo-lille.eu\/index.php\/wp-json\/wp\/v2\/pages"}],"about":[{"href":"https:\/\/mic.sciencespo-lille.eu\/index.php\/wp-json\/wp\/v2\/types\/page"}],"author":[{"embeddable":true,"href":"https:\/\/mic.sciencespo-lille.eu\/index.php\/wp-json\/wp\/v2\/users\/1"}],"replies":[{"embeddable":true,"href":"https:\/\/mic.sciencespo-lille.eu\/index.php\/wp-json\/wp\/v2\/comments?post=192"}],"version-history":[{"count":12,"href":"https:\/\/mic.sciencespo-lille.eu\/index.php\/wp-json\/wp\/v2\/pages\/192\/revisions"}],"predecessor-version":[{"id":732,"href":"https:\/\/mic.sciencespo-lille.eu\/index.php\/wp-json\/wp\/v2\/pages\/192\/revisions\/732"}],"wp:attachment":[{"href":"https:\/\/mic.sciencespo-lille.eu\/index.php\/wp-json\/wp\/v2\/media?parent=192"}],"curies":[{"name":"wp","href":"https:\/\/api.w.org\/{rel}","templated":true}]}}