{"id":19,"date":"2020-11-16T14:36:11","date_gmt":"2020-11-16T13:36:11","guid":{"rendered":"http:\/\/mic.sciencespo-lille.eu\/?page_id=19"},"modified":"2025-12-02T12:34:21","modified_gmt":"2025-12-02T11:34:21","slug":"presentation","status":"publish","type":"page","link":"https:\/\/mic.sciencespo-lille.eu\/","title":{"rendered":"Pr\u00e9sentation de la majeure Management des Institutions Culturelles"},"content":{"rendered":"\n<p class=\"has-text-align-left\">Bienvenue sur le site de la <strong>majeure Management des Institutions Culturelles (MIC)<\/strong> de Sciences Po Lille.<\/p>\n\n\n\n<h2 class=\"wp-block-heading\" id=\"principaux-debouches\">Principaux d\u00e9bouch\u00e9s<\/h2>\n\n\n\n<p>Les \u00e9tudiantes et \u00e9tudiants de la\u202f<strong>majeure Management des Institutions Culturelles (MIC)<\/strong>\u202fsont pr\u00e9par\u00e9s \u00e0 occuper des fonctions vari\u00e9es et polyvalentes dans les diff\u00e9rents secteurs de la culture, principalement, le spectacle vivant, le patrimoine, les arts visuels et les politiques publiques de la culture.&nbsp;<\/p>\n\n\n\n<p><br>La formation pr\u00e9pare notamment aux m\u00e9tiers de responsables ou charg\u00e9es, charg\u00e9s d&rsquo;administration, de production, de diffusion, de communication, de recherche de financements, de d\u00e9veloppement des publics, d&rsquo;action culturelle, dans ces diff\u00e9rents secteurs, au sein d&rsquo;\u00e9tablissements publics, de collectivit\u00e9s territoriales, d&rsquo;institutions nationales, d&rsquo;entreprises priv\u00e9es ou d&rsquo;associations.<\/p>\n\n\n\n<hr class=\"wp-block-separator has-text-color has-css-opacity has-background is-style-wide\" style=\"background-color:#e6e6e6;color:#e6e6e6\"\/>\n\n\n\n<h2 class=\"wp-block-heading\" id=\"responsable-de-la-majeure-mic\">Responsable de la majeure MIC<\/h2>\n\n\n\n<div class=\"wp-block-media-text alignwide is-stacked-on-mobile\" style=\"grid-template-columns:31% auto\"><figure class=\"wp-block-media-text__media\"><img fetchpriority=\"high\" decoding=\"async\" width=\"1024\" height=\"1024\" src=\"http:\/\/mic.sciencespo-lille.eu\/wp-content\/uploads\/2020\/12\/MIC-photo-1024x1024.png\" alt=\"\" class=\"wp-image-165 size-full\" srcset=\"https:\/\/mic.sciencespo-lille.eu\/wp-content\/uploads\/2020\/12\/MIC-photo-1024x1024.png 1024w, https:\/\/mic.sciencespo-lille.eu\/wp-content\/uploads\/2020\/12\/MIC-photo-300x300.png 300w, https:\/\/mic.sciencespo-lille.eu\/wp-content\/uploads\/2020\/12\/MIC-photo-150x150.png 150w, https:\/\/mic.sciencespo-lille.eu\/wp-content\/uploads\/2020\/12\/MIC-photo-768x768.png 768w, https:\/\/mic.sciencespo-lille.eu\/wp-content\/uploads\/2020\/12\/MIC-photo.png 1181w\" sizes=\"(max-width: 1024px) 100vw, 1024px\" \/><\/figure><div class=\"wp-block-media-text__content\">\n<p class=\"has-large-font-size\"> <strong>Anne-Claire Beurthey<\/strong><\/p>\n\n\n\n<p><strong>Enseignante | Directrice de l&rsquo;insertion professionnelle et de l&rsquo;apprentissage<\/strong><\/p>\n\n\n\n<p>Domaines d&rsquo;expertise : industries culturelles ; management de projets cr\u00e9atifs et culturels ; Accompagnement au projet et \u00e0 l\u2019insertion professionnelle dans la culture.<\/p>\n<\/div><\/div>\n\n\n\n<div style=\"height:20px\" aria-hidden=\"true\" class=\"wp-block-spacer\"><\/div>\n\n\n\n<h2 class=\"wp-block-heading\" id=\"edito-de-la-responsable-de-la-majeure-mic\"><strong>\u00c9<\/strong>dito de la responsable de la majeure MIC<\/h2>\n\n\n\n<p class=\"has-drop-cap\">Si vous avez une <strong>passion pour l\u2019art et la culture<\/strong> et souhaitez en faire votre projet professionnel, bienvenue sur le <strong>site de la majeure Management des Institutions Culturelles (MIC)<\/strong>.<\/p>\n\n\n\n<p><strong>MIC pr\u00e9pare \u00e0 des m\u00e9tiers vari\u00e9s et polyvalents dans les diff\u00e9rents secteurs de la culture.<\/strong> Les m\u00e9tiers de pilotage et d&rsquo;encadrement de projets et de structures culturels (la production, l\u2019administration, la diffusion, la distribution, la communication et la recherche de financements, l\u2019action culturelle). Et ce, dans le champ du spectacle vivant, du patrimoine, des arts visuels, et des politiques culturelles.<\/p>\n\n\n\n<p><strong>Pour favoriser l\u2019acc\u00e8s \u00e0 ces m\u00e9tiers et secteurs tr\u00e8s attractifs<\/strong>, MIC propose une formation \u00e0 la fois th\u00e9orique et pratique qui associe le dipl\u00f4me de Sciences Po Lille \u00e0 un an d\u2019exp\u00e9rience professionnelle et s\u2019appuie sur un r\u00e9seau solide et croissant de partenaires culturels.<\/p>\n\n\n\n<p><strong>La formation th\u00e9orique pluridisciplinaire et g\u00e9n\u00e9raliste se d\u00e9roule \u00e0 Sciences Po Lille<\/strong>.<\/p>\n\n\n\n<p>Elle s\u2019articule autour de savoirs fondamentaux en sciences sociales (histoire des politiques et pratiques culturelles, sociologie, \u00e9conomie de la culture&#8230;) de savoirs professionnalisants (\u00e9tude des publics, direction d\u2019\u00e9quipement culturel, culture durable, communication et d\u00e9veloppement des publics, gestion budg\u00e9taire, gestion sociale, m\u00e9c\u00e9nat et financements priv\u00e9s de la culture, coop\u00e9ration culturelle europ\u00e9enne\u2026) ainsi que de travaux de recherche et de projets artistiques et culturels.<\/p>\n\n\n\n<p>\u00c0 ces enseignements s\u2019ajoutent un accompagnement au projet professionnel tout au long des deux ann\u00e9es.<\/p>\n\n\n\n<p><strong>La formation pratique se fait en apprentissage dans des structures culturelles des Hauts de France et de l\u2019\u00cele de France, deux r\u00e9gions fortement dot\u00e9es en acteurs culturels<\/strong>, \u00e0 raison de trois jours par semaine pendant toute la deuxi\u00e8me ann\u00e9e. Elle permet d\u2019acqu\u00e9rir des savoirs, des comp\u00e9tences et un r\u00e9seau professionnels indispensables pour gravir la premi\u00e8re marche vers une insertion professionnelle dans la culture.<\/p>\n\n\n\n<p>Pour en savoir plus, les ambassadeurs et les ambassadrices de la majeure se feront un plaisir de r\u00e9pondre \u00e0 vos questions. Vous trouverez <a href=\"https:\/\/mic.sciencespo-lille.eu\/index.php\/contacts\/\">leurs coordonn\u00e9es ici.<\/a><\/p>\n\n\n\n<p class=\"has-text-align-right\"><strong>Anne-Claire Beurthey<\/strong><\/p>\n","protected":false},"excerpt":{"rendered":"<p>Bienvenue sur le site de la majeure Management des Institutions Culturelles (MIC) de Sciences Po Lille. Principaux d\u00e9bouch\u00e9s Les \u00e9tudiantes et \u00e9tudiants de la\u202fmajeure Management des Institutions Culturelles (MIC)\u202fsont pr\u00e9par\u00e9s \u00e0 occuper des fonctions vari\u00e9es et polyvalentes dans les diff\u00e9rents secteurs de la culture, principalement, le spectacle vivant, le patrimoine, les arts visuels et les [&hellip;]<\/p>\n","protected":false},"author":1,"featured_media":0,"parent":0,"menu_order":0,"comment_status":"closed","ping_status":"closed","template":"","meta":{"_seopress_robots_primary_cat":"","_seopress_titles_title":"","_seopress_titles_desc":"","_seopress_robots_index":"","ocean_post_layout":"","ocean_both_sidebars_style":"","ocean_both_sidebars_content_width":0,"ocean_both_sidebars_sidebars_width":0,"ocean_sidebar":"0","ocean_second_sidebar":"0","ocean_disable_margins":"enable","ocean_add_body_class":"","ocean_shortcode_before_top_bar":"","ocean_shortcode_after_top_bar":"","ocean_shortcode_before_header":"","ocean_shortcode_after_header":"","ocean_has_shortcode":"","ocean_shortcode_after_title":"","ocean_shortcode_before_footer_widgets":"","ocean_shortcode_after_footer_widgets":"","ocean_shortcode_before_footer_bottom":"","ocean_shortcode_after_footer_bottom":"","ocean_display_top_bar":"default","ocean_display_header":"default","ocean_header_style":"","ocean_center_header_left_menu":"0","ocean_custom_header_template":"0","ocean_custom_logo":0,"ocean_custom_retina_logo":0,"ocean_custom_logo_max_width":0,"ocean_custom_logo_tablet_max_width":0,"ocean_custom_logo_mobile_max_width":0,"ocean_custom_logo_max_height":0,"ocean_custom_logo_tablet_max_height":0,"ocean_custom_logo_mobile_max_height":0,"ocean_header_custom_menu":"0","ocean_menu_typo_font_family":"0","ocean_menu_typo_font_subset":"","ocean_menu_typo_font_size":0,"ocean_menu_typo_font_size_tablet":0,"ocean_menu_typo_font_size_mobile":0,"ocean_menu_typo_font_size_unit":"px","ocean_menu_typo_font_weight":"","ocean_menu_typo_font_weight_tablet":"","ocean_menu_typo_font_weight_mobile":"","ocean_menu_typo_transform":"","ocean_menu_typo_transform_tablet":"","ocean_menu_typo_transform_mobile":"","ocean_menu_typo_line_height":0,"ocean_menu_typo_line_height_tablet":0,"ocean_menu_typo_line_height_mobile":0,"ocean_menu_typo_line_height_unit":"","ocean_menu_typo_spacing":0,"ocean_menu_typo_spacing_tablet":0,"ocean_menu_typo_spacing_mobile":0,"ocean_menu_typo_spacing_unit":"","ocean_menu_link_color":"","ocean_menu_link_color_hover":"","ocean_menu_link_color_active":"","ocean_menu_link_background":"","ocean_menu_link_hover_background":"","ocean_menu_link_active_background":"","ocean_menu_social_links_bg":"","ocean_menu_social_hover_links_bg":"","ocean_menu_social_links_color":"","ocean_menu_social_hover_links_color":"","ocean_disable_title":"default","ocean_disable_heading":"default","ocean_post_title":"","ocean_post_subheading":"","ocean_post_title_style":"","ocean_post_title_background_color":"","ocean_post_title_background":0,"ocean_post_title_bg_image_position":"","ocean_post_title_bg_image_attachment":"","ocean_post_title_bg_image_repeat":"","ocean_post_title_bg_image_size":"","ocean_post_title_height":0,"ocean_post_title_bg_overlay":0.5,"ocean_post_title_bg_overlay_color":"","ocean_disable_breadcrumbs":"default","ocean_breadcrumbs_color":"","ocean_breadcrumbs_separator_color":"","ocean_breadcrumbs_links_color":"","ocean_breadcrumbs_links_hover_color":"","ocean_display_footer_widgets":"default","ocean_display_footer_bottom":"default","ocean_custom_footer_template":"0","footnotes":""},"class_list":["post-19","page","type-page","status-publish","hentry","entry"],"_links":{"self":[{"href":"https:\/\/mic.sciencespo-lille.eu\/index.php\/wp-json\/wp\/v2\/pages\/19","targetHints":{"allow":["GET"]}}],"collection":[{"href":"https:\/\/mic.sciencespo-lille.eu\/index.php\/wp-json\/wp\/v2\/pages"}],"about":[{"href":"https:\/\/mic.sciencespo-lille.eu\/index.php\/wp-json\/wp\/v2\/types\/page"}],"author":[{"embeddable":true,"href":"https:\/\/mic.sciencespo-lille.eu\/index.php\/wp-json\/wp\/v2\/users\/1"}],"replies":[{"embeddable":true,"href":"https:\/\/mic.sciencespo-lille.eu\/index.php\/wp-json\/wp\/v2\/comments?post=19"}],"version-history":[{"count":43,"href":"https:\/\/mic.sciencespo-lille.eu\/index.php\/wp-json\/wp\/v2\/pages\/19\/revisions"}],"predecessor-version":[{"id":720,"href":"https:\/\/mic.sciencespo-lille.eu\/index.php\/wp-json\/wp\/v2\/pages\/19\/revisions\/720"}],"wp:attachment":[{"href":"https:\/\/mic.sciencespo-lille.eu\/index.php\/wp-json\/wp\/v2\/media?parent=19"}],"curies":[{"name":"wp","href":"https:\/\/api.w.org\/{rel}","templated":true}]}}